{"id":22,"date":"2025-03-09T11:19:02","date_gmt":"2025-03-09T11:19:02","guid":{"rendered":"https:\/\/iulia.filmzoom.ro\/?page_id=22"},"modified":"2025-03-09T15:04:25","modified_gmt":"2025-03-09T15:04:25","slug":"cine-suntem","status":"publish","type":"page","link":"https:\/\/iulia.filmzoom.ro\/","title":{"rendered":"CINE SUNTEM"},"content":{"rendered":"\t\t<div data-elementor-type=\"wp-page\" data-elementor-id=\"22\" class=\"elementor elementor-22\">\n\t\t\t\t<div class=\"elementor-element elementor-element-8e272b6 e-flex e-con-boxed e-con e-parent\" data-id=\"8e272b6\" data-element_type=\"container\" data-settings=\"{&quot;background_background&quot;:&quot;classic&quot;}\">\n\t\t\t\t\t<div class=\"e-con-inner\">\n\t\t\t\t<div class=\"elementor-element elementor-element-d804aa0 elementor-widget__width-initial elementor-absolute elementor-widget elementor-widget-button\" data-id=\"d804aa0\" data-element_type=\"widget\" data-settings=\"{&quot;_position&quot;:&quot;absolute&quot;}\" data-widget_type=\"button.default\">\n\t\t\t\t<div class=\"elementor-widget-container\">\n\t\t\t\t\t\t\t\t\t<div class=\"elementor-button-wrapper\">\n\t\t\t\t\t<a class=\"elementor-button elementor-button-link elementor-size-sm\" href=\"https:\/\/iulia.filmzoom.ro\/?page_id=29\">\n\t\t\t\t\t\t<span class=\"elementor-button-content-wrapper\">\n\t\t\t\t\t\t\t\t\t<span class=\"elementor-button-text\">CONTACT<\/span>\n\t\t\t\t\t<\/span>\n\t\t\t\t\t<\/a>\n\t\t\t\t<\/div>\n\t\t\t\t\t\t\t\t<\/div>\n\t\t\t\t<\/div>\n\t\t<div class=\"elementor-element elementor-element-f42dd4c e-con-full e-flex e-con e-child\" data-id=\"f42dd4c\" data-element_type=\"container\">\n\t\t\t\t<div class=\"elementor-element elementor-element-563d04f elementor-shape-rounded elementor-grid-0 e-grid-align-center elementor-widget elementor-widget-social-icons\" data-id=\"563d04f\" data-element_type=\"widget\" data-widget_type=\"social-icons.default\">\n\t\t\t\t<div class=\"elementor-widget-container\">\n\t\t\t\t\t\t\t<div class=\"elementor-social-icons-wrapper elementor-grid\">\n\t\t\t\t\t\t\t<span class=\"elementor-grid-item\">\n\t\t\t\t\t<a class=\"elementor-icon elementor-social-icon elementor-social-icon-facebook elementor-repeater-item-3847499\" target=\"_blank\">\n\t\t\t\t\t\t<span class=\"elementor-screen-only\">Facebook<\/span>\n\t\t\t\t\t\t<svg class=\"e-font-icon-svg e-fab-facebook\" viewBox=\"0 0 512 512\" xmlns=\"http:\/\/www.w3.org\/2000\/svg\"><path d=\"M504 256C504 119 393 8 256 8S8 119 8 256c0 123.78 90.69 226.38 209.25 245V327.69h-63V256h63v-54.64c0-62.15 37-96.48 93.67-96.48 27.14 0 55.52 4.84 55.52 4.84v61h-31.28c-30.8 0-40.41 19.12-40.41 38.73V256h68.78l-11 71.69h-57.78V501C413.31 482.38 504 379.78 504 256z\"><\/path><\/svg>\t\t\t\t\t<\/a>\n\t\t\t\t<\/span>\n\t\t\t\t\t\t\t<span class=\"elementor-grid-item\">\n\t\t\t\t\t<a class=\"elementor-icon elementor-social-icon elementor-social-icon-instagram elementor-repeater-item-be6edb5\" target=\"_blank\">\n\t\t\t\t\t\t<span class=\"elementor-screen-only\">Instagram<\/span>\n\t\t\t\t\t\t<svg class=\"e-font-icon-svg e-fab-instagram\" viewBox=\"0 0 448 512\" xmlns=\"http:\/\/www.w3.org\/2000\/svg\"><path d=\"M224.1 141c-63.6 0-114.9 51.3-114.9 114.9s51.3 114.9 114.9 114.9S339 319.5 339 255.9 287.7 141 224.1 141zm0 189.6c-41.1 0-74.7-33.5-74.7-74.7s33.5-74.7 74.7-74.7 74.7 33.5 74.7 74.7-33.6 74.7-74.7 74.7zm146.4-194.3c0 14.9-12 26.8-26.8 26.8-14.9 0-26.8-12-26.8-26.8s12-26.8 26.8-26.8 26.8 12 26.8 26.8zm76.1 27.2c-1.7-35.9-9.9-67.7-36.2-93.9-26.2-26.2-58-34.4-93.9-36.2-37-2.1-147.9-2.1-184.9 0-35.8 1.7-67.6 9.9-93.9 36.1s-34.4 58-36.2 93.9c-2.1 37-2.1 147.9 0 184.9 1.7 35.9 9.9 67.7 36.2 93.9s58 34.4 93.9 36.2c37 2.1 147.9 2.1 184.9 0 35.9-1.7 67.7-9.9 93.9-36.2 26.2-26.2 34.4-58 36.2-93.9 2.1-37 2.1-147.8 0-184.8zM398.8 388c-7.8 19.6-22.9 34.7-42.6 42.6-29.5 11.7-99.5 9-132.1 9s-102.7 2.6-132.1-9c-19.6-7.8-34.7-22.9-42.6-42.6-11.7-29.5-9-99.5-9-132.1s-2.6-102.7 9-132.1c7.8-19.6 22.9-34.7 42.6-42.6 29.5-11.7 99.5-9 132.1-9s102.7-2.6 132.1 9c19.6 7.8 34.7 22.9 42.6 42.6 11.7 29.5 9 99.5 9 132.1s2.7 102.7-9 132.1z\"><\/path><\/svg>\t\t\t\t\t<\/a>\n\t\t\t\t<\/span>\n\t\t\t\t\t\t\t<span class=\"elementor-grid-item\">\n\t\t\t\t\t<a class=\"elementor-icon elementor-social-icon elementor-social-icon-tiktok elementor-repeater-item-e4136d1\" target=\"_blank\">\n\t\t\t\t\t\t<span class=\"elementor-screen-only\">Tiktok<\/span>\n\t\t\t\t\t\t<svg class=\"e-font-icon-svg e-fab-tiktok\" viewBox=\"0 0 448 512\" xmlns=\"http:\/\/www.w3.org\/2000\/svg\"><path d=\"M448,209.91a210.06,210.06,0,0,1-122.77-39.25V349.38A162.55,162.55,0,1,1,185,188.31V278.2a74.62,74.62,0,1,0,52.23,71.18V0l88,0a121.18,121.18,0,0,0,1.86,22.17h0A122.18,122.18,0,0,0,381,102.39a121.43,121.43,0,0,0,67,20.14Z\"><\/path><\/svg>\t\t\t\t\t<\/a>\n\t\t\t\t<\/span>\n\t\t\t\t\t<\/div>\n\t\t\t\t\t\t<\/div>\n\t\t\t\t<\/div>\n\t\t\t\t<\/div>\n\t\t\t\t\t<\/div>\n\t\t\t\t<\/div>\n\t\t<div class=\"elementor-element elementor-element-e87c55d e-grid e-con-full e-con e-parent\" data-id=\"e87c55d\" data-element_type=\"container\">\n\t\t\t\t<div class=\"elementor-element elementor-element-f1c018d elementor-widget elementor-widget-image\" data-id=\"f1c018d\" data-element_type=\"widget\" data-widget_type=\"image.default\">\n\t\t\t\t<div class=\"elementor-widget-container\">\n\t\t\t\t\t\t\t\t\t\t\t\t\t\t\t<img decoding=\"async\" src=\"https:\/\/iulia.filmzoom.ro\/wp-content\/uploads\/elementor\/thumbs\/1-r2lxujfayy0v2qbec131ehvr66z4d3egvf0vw890x4.png\" title=\"1\" alt=\"1\" loading=\"lazy\" \/>\t\t\t\t\t\t\t\t\t\t\t\t\t\t\t<\/div>\n\t\t\t\t<\/div>\n\t\t\t\t<div class=\"elementor-element elementor-element-9a901ce elementor-widget elementor-widget-image\" data-id=\"9a901ce\" data-element_type=\"widget\" data-widget_type=\"image.default\">\n\t\t\t\t<div class=\"elementor-widget-container\">\n\t\t\t\t\t\t\t\t\t\t\t\t\t\t\t<img decoding=\"async\" src=\"https:\/\/iulia.filmzoom.ro\/wp-content\/uploads\/elementor\/thumbs\/2-r2lxvpq1ihmrl6lyh1d90p7hwj6mzh2e18dqhoib54.png\" title=\"2\" alt=\"2\" loading=\"lazy\" \/>\t\t\t\t\t\t\t\t\t\t\t\t\t\t\t<\/div>\n\t\t\t\t<\/div>\n\t\t\t\t<div class=\"elementor-element elementor-element-6a88a0c elementor-widget elementor-widget-image\" data-id=\"6a88a0c\" data-element_type=\"widget\" data-widget_type=\"image.default\">\n\t\t\t\t<div class=\"elementor-widget-container\">\n\t\t\t\t\t\t\t\t\t\t\t\t\t\t\t<img decoding=\"async\" src=\"https:\/\/iulia.filmzoom.ro\/wp-content\/uploads\/elementor\/thumbs\/3-r2lxwjsvl6rxwpe9ledb8hm8wv2dtsdstd99uj9pm0.png\" title=\"3\" alt=\"3\" loading=\"lazy\" \/>\t\t\t\t\t\t\t\t\t\t\t\t\t\t\t<\/div>\n\t\t\t\t<\/div>\n\t\t\t\t<div class=\"elementor-element elementor-element-7e85353 elementor-widget elementor-widget-image\" data-id=\"7e85353\" data-element_type=\"widget\" data-widget_type=\"image.default\">\n\t\t\t\t<div class=\"elementor-widget-container\">\n\t\t\t\t\t\t\t\t\t\t\t\t\t\t\t<img decoding=\"async\" src=\"https:\/\/iulia.filmzoom.ro\/wp-content\/uploads\/elementor\/thumbs\/4-r2lxx3jhkpiyoille4wh6umxdyd3bfk5w2ygxcgfzc.png\" title=\"4\" alt=\"4\" loading=\"lazy\" \/>\t\t\t\t\t\t\t\t\t\t\t\t\t\t\t<\/div>\n\t\t\t\t<\/div>\n\t\t\t\t<div class=\"elementor-element elementor-element-c371b5d elementor-widget elementor-widget-image\" data-id=\"c371b5d\" data-element_type=\"widget\" data-widget_type=\"image.default\">\n\t\t\t\t<div class=\"elementor-widget-container\">\n\t\t\t\t\t\t\t\t\t\t\t\t\t\t\t<img decoding=\"async\" src=\"https:\/\/iulia.filmzoom.ro\/wp-content\/uploads\/elementor\/thumbs\/5-r2lxxp5rxwck3jq6vw8wa76j1tej8gxzn1ymypke08.png\" title=\"5\" alt=\"5\" loading=\"lazy\" \/>\t\t\t\t\t\t\t\t\t\t\t\t\t\t\t<\/div>\n\t\t\t\t<\/div>\n\t\t\t\t<\/div>\n\t\t<div class=\"elementor-element elementor-element-04fdd2d e-grid e-con-full e-con e-parent\" data-id=\"04fdd2d\" data-element_type=\"container\">\n\t\t\t\t<div class=\"elementor-element elementor-element-4c356ef elementor-widget elementor-widget-text-editor\" data-id=\"4c356ef\" data-element_type=\"widget\" data-widget_type=\"text-editor.default\">\n\t\t\t\t<div class=\"elementor-widget-container\">\n\t\t\t\t\t\t\t\t\t<p data-start=\"154\" data-end=\"414\">Suntem o echip\u0103 de profesioni\u0219ti \u00een marketing, social media, webdesign \u0219i fotografie, uni\u021bi de pasiunea de a oferi solu\u021bii inovative \u0219i personalizate. Ne concentr\u0103m pe fiecare detaliu, aduc\u00e2nd cele mai bune practici pentru a crea experien\u021be de marketing unice.<\/p><p data-start=\"416\" data-end=\"661\">Abord\u0103m fiecare proiect cu o g\u00e2ndire <strong data-start=\"453\" data-end=\"471\">out-of-the-box<\/strong>. \u00cenainte de orice, realiz\u0103m cercet\u0103ri aprofundate ale pie\u021bei \u0219i analize ale competi\u021biei. Acest lucru ne permite s\u0103 dezvolt\u0103m strategii personalizate \u0219i eficiente, adaptate fiec\u0103rui client.<\/p>\t\t\t\t\t\t\t\t<\/div>\n\t\t\t\t<\/div>\n\t\t\t\t<div class=\"elementor-element elementor-element-7ca6d5b elementor-widget elementor-widget-text-editor\" data-id=\"7ca6d5b\" data-element_type=\"widget\" data-widget_type=\"text-editor.default\">\n\t\t\t\t<div class=\"elementor-widget-container\">\n\t\t\t\t\t\t\t\t\t<p data-start=\"663\" data-end=\"896\">Gener\u0103m concepte noi \u0219i inovative, bazate pe date concrete. Folosim aceste informa\u021bii pentru a crea o strategie de marketing care s\u0103 aduc\u0103 rezultate reale. De asemenea, ne asigur\u0103m c\u0103 fiecare campanie este adaptat\u0103 obiectivelor tale.<\/p><p data-start=\"898\" data-end=\"1129\">Credem c\u0103 succesul vine din construirea unor rela\u021bii durabile cu publicul. Nu doar c\u0103 \u00eendeplinim a\u0219tept\u0103rile, dar ne str\u0103duim s\u0103 le dep\u0103\u0219im. Cu fiecare proiect, livr\u0103m solu\u021bii care \u00ee\u021bi vor face afacerea s\u0103 ias\u0103 \u00een fa\u021ba competi\u021biei.<\/p>\t\t\t\t\t\t\t\t<\/div>\n\t\t\t\t<\/div>\n\t\t\t\t<\/div>\n\t\t<div class=\"elementor-element elementor-element-39995a4 e-flex e-con-boxed e-con e-parent\" data-id=\"39995a4\" data-element_type=\"container\">\n\t\t\t\t\t<div class=\"e-con-inner\">\n\t\t\t\t<div class=\"elementor-element elementor-element-0154c73 elementor-widget elementor-widget-text-editor\" data-id=\"0154c73\" data-element_type=\"widget\" data-widget_type=\"text-editor.default\">\n\t\t\t\t<div class=\"elementor-widget-container\">\n\t\t\t\t\t\t\t\t\t<p><strong data-start=\"1131\" data-end=\"1210\">Dac\u0103 vrei s\u0103 \u00ee\u021bi duci afacerea la urm\u0103torul nivel, suntem aici pentru tine.<\/strong> Contacteaz\u0103-ne ast\u0103zi \u0219i \u00eempreun\u0103 vom crea strategii de succes!<\/p>\t\t\t\t\t\t\t\t<\/div>\n\t\t\t\t<\/div>\n\t\t\t\t\t<\/div>\n\t\t\t\t<\/div>\n\t\t<div class=\"elementor-element elementor-element-bc0c857 e-flex e-con-boxed e-con e-parent\" data-id=\"bc0c857\" data-element_type=\"container\">\n\t\t\t\t\t<div class=\"e-con-inner\">\n\t\t\t\t<div class=\"elementor-element elementor-element-34e4005 elementor-shape-rounded elementor-grid-0 e-grid-align-center elementor-widget elementor-widget-social-icons\" data-id=\"34e4005\" data-element_type=\"widget\" data-widget_type=\"social-icons.default\">\n\t\t\t\t<div class=\"elementor-widget-container\">\n\t\t\t\t\t\t\t<div class=\"elementor-social-icons-wrapper elementor-grid\">\n\t\t\t\t\t\t\t<span class=\"elementor-grid-item\">\n\t\t\t\t\t<a class=\"elementor-icon elementor-social-icon elementor-social-icon-facebook elementor-repeater-item-3847499\" target=\"_blank\">\n\t\t\t\t\t\t<span class=\"elementor-screen-only\">Facebook<\/span>\n\t\t\t\t\t\t<svg class=\"e-font-icon-svg e-fab-facebook\" viewBox=\"0 0 512 512\" xmlns=\"http:\/\/www.w3.org\/2000\/svg\"><path d=\"M504 256C504 119 393 8 256 8S8 119 8 256c0 123.78 90.69 226.38 209.25 245V327.69h-63V256h63v-54.64c0-62.15 37-96.48 93.67-96.48 27.14 0 55.52 4.84 55.52 4.84v61h-31.28c-30.8 0-40.41 19.12-40.41 38.73V256h68.78l-11 71.69h-57.78V501C413.31 482.38 504 379.78 504 256z\"><\/path><\/svg>\t\t\t\t\t<\/a>\n\t\t\t\t<\/span>\n\t\t\t\t\t\t\t<span class=\"elementor-grid-item\">\n\t\t\t\t\t<a class=\"elementor-icon elementor-social-icon elementor-social-icon-instagram elementor-repeater-item-be6edb5\" target=\"_blank\">\n\t\t\t\t\t\t<span class=\"elementor-screen-only\">Instagram<\/span>\n\t\t\t\t\t\t<svg class=\"e-font-icon-svg e-fab-instagram\" viewBox=\"0 0 448 512\" xmlns=\"http:\/\/www.w3.org\/2000\/svg\"><path d=\"M224.1 141c-63.6 0-114.9 51.3-114.9 114.9s51.3 114.9 114.9 114.9S339 319.5 339 255.9 287.7 141 224.1 141zm0 189.6c-41.1 0-74.7-33.5-74.7-74.7s33.5-74.7 74.7-74.7 74.7 33.5 74.7 74.7-33.6 74.7-74.7 74.7zm146.4-194.3c0 14.9-12 26.8-26.8 26.8-14.9 0-26.8-12-26.8-26.8s12-26.8 26.8-26.8 26.8 12 26.8 26.8zm76.1 27.2c-1.7-35.9-9.9-67.7-36.2-93.9-26.2-26.2-58-34.4-93.9-36.2-37-2.1-147.9-2.1-184.9 0-35.8 1.7-67.6 9.9-93.9 36.1s-34.4 58-36.2 93.9c-2.1 37-2.1 147.9 0 184.9 1.7 35.9 9.9 67.7 36.2 93.9s58 34.4 93.9 36.2c37 2.1 147.9 2.1 184.9 0 35.9-1.7 67.7-9.9 93.9-36.2 26.2-26.2 34.4-58 36.2-93.9 2.1-37 2.1-147.8 0-184.8zM398.8 388c-7.8 19.6-22.9 34.7-42.6 42.6-29.5 11.7-99.5 9-132.1 9s-102.7 2.6-132.1-9c-19.6-7.8-34.7-22.9-42.6-42.6-11.7-29.5-9-99.5-9-132.1s-2.6-102.7 9-132.1c7.8-19.6 22.9-34.7 42.6-42.6 29.5-11.7 99.5-9 132.1-9s102.7-2.6 132.1 9c19.6 7.8 34.7 22.9 42.6 42.6 11.7 29.5 9 99.5 9 132.1s2.7 102.7-9 132.1z\"><\/path><\/svg>\t\t\t\t\t<\/a>\n\t\t\t\t<\/span>\n\t\t\t\t\t\t\t<span class=\"elementor-grid-item\">\n\t\t\t\t\t<a class=\"elementor-icon elementor-social-icon elementor-social-icon-tiktok elementor-repeater-item-e4136d1\" target=\"_blank\">\n\t\t\t\t\t\t<span class=\"elementor-screen-only\">Tiktok<\/span>\n\t\t\t\t\t\t<svg class=\"e-font-icon-svg e-fab-tiktok\" viewBox=\"0 0 448 512\" xmlns=\"http:\/\/www.w3.org\/2000\/svg\"><path d=\"M448,209.91a210.06,210.06,0,0,1-122.77-39.25V349.38A162.55,162.55,0,1,1,185,188.31V278.2a74.62,74.62,0,1,0,52.23,71.18V0l88,0a121.18,121.18,0,0,0,1.86,22.17h0A122.18,122.18,0,0,0,381,102.39a121.43,121.43,0,0,0,67,20.14Z\"><\/path><\/svg>\t\t\t\t\t<\/a>\n\t\t\t\t<\/span>\n\t\t\t\t\t<\/div>\n\t\t\t\t\t\t<\/div>\n\t\t\t\t<\/div>\n\t\t\t\t\t<\/div>\n\t\t\t\t<\/div>\n\t\t\t\t<\/div>\n\t\t","protected":false},"excerpt":{"rendered":"<p>CONTACT Facebook Instagram Tiktok Suntem o echip\u0103 de profesioni\u0219ti \u00een marketing, social media, webdesign \u0219i fotografie, uni\u021bi de pasiunea de a oferi solu\u021bii inovative \u0219i personalizate. Ne concentr\u0103m pe fiecare detaliu, aduc\u00e2nd cele mai bune practici pentru a crea experien\u021be de marketing unice. Abord\u0103m fiecare proiect cu o g\u00e2ndire out-of-the-box. \u00cenainte de orice, realiz\u0103m cercet\u0103ri [&hellip;]<\/p>\n","protected":false},"author":1,"featured_media":0,"parent":0,"menu_order":0,"comment_status":"closed","ping_status":"closed","template":"elementor_header_footer","meta":{"footnotes":""},"class_list":["post-22","page","type-page","status-publish","hentry"],"yoast_head":"<!-- This site is optimized with the Yoast SEO plugin v24.6 - https:\/\/yoast.com\/wordpress\/plugins\/seo\/ -->\n<title>CINE SUNTEM - Digency<\/title>\n<meta name=\"description\" content=\"Suntem o echip\u0103 de profesioni\u0219ti \u00een marketing, social media, webdesign \u0219i fotografie, oferind solu\u021bii personalizate \u0219i inovative pentru afacerea ta.\" \/>\n<meta name=\"robots\" content=\"index, follow, max-snippet:-1, max-image-preview:large, max-video-preview:-1\" \/>\n<link rel=\"canonical\" href=\"https:\/\/iulia.filmzoom.ro\/\" \/>\n<meta property=\"og:locale\" content=\"en_US\" \/>\n<meta property=\"og:type\" content=\"article\" \/>\n<meta property=\"og:title\" content=\"CINE SUNTEM - Digency\" \/>\n<meta property=\"og:description\" content=\"Suntem o echip\u0103 de profesioni\u0219ti \u00een marketing, social media, webdesign \u0219i fotografie, oferind solu\u021bii personalizate \u0219i inovative pentru afacerea ta.\" \/>\n<meta property=\"og:url\" content=\"https:\/\/iulia.filmzoom.ro\/\" \/>\n<meta property=\"og:site_name\" content=\"Digency\" \/>\n<meta property=\"article:modified_time\" content=\"2025-03-09T15:04:25+00:00\" \/>\n<meta property=\"og:image\" content=\"https:\/\/iulia.filmzoom.ro\/wp-content\/uploads\/elementor\/thumbs\/1-r2lxujfayy0v2qbec131ehvr66z4d3egvf0vw890x4.png\" \/>\n<meta name=\"twitter:card\" content=\"summary_large_image\" \/>\n<meta name=\"twitter:label1\" content=\"Est. reading time\" \/>\n\t<meta name=\"twitter:data1\" content=\"2 minutes\" \/>\n<script type=\"application\/ld+json\" class=\"yoast-schema-graph\">{\"@context\":\"https:\/\/schema.org\",\"@graph\":[{\"@type\":\"WebPage\",\"@id\":\"https:\/\/iulia.filmzoom.ro\/\",\"url\":\"https:\/\/iulia.filmzoom.ro\/\",\"name\":\"CINE SUNTEM - Digency\",\"isPartOf\":{\"@id\":\"https:\/\/iulia.filmzoom.ro\/#website\"},\"primaryImageOfPage\":{\"@id\":\"https:\/\/iulia.filmzoom.ro\/#primaryimage\"},\"image\":{\"@id\":\"https:\/\/iulia.filmzoom.ro\/#primaryimage\"},\"thumbnailUrl\":\"https:\/\/iulia.filmzoom.ro\/wp-content\/uploads\/elementor\/thumbs\/1-r2lxujfayy0v2qbec131ehvr66z4d3egvf0vw890x4.png\",\"datePublished\":\"2025-03-09T11:19:02+00:00\",\"dateModified\":\"2025-03-09T15:04:25+00:00\",\"description\":\"Suntem o echip\u0103 de profesioni\u0219ti \u00een marketing, social media, webdesign \u0219i fotografie, oferind solu\u021bii personalizate \u0219i inovative pentru afacerea ta.\",\"breadcrumb\":{\"@id\":\"https:\/\/iulia.filmzoom.ro\/#breadcrumb\"},\"inLanguage\":\"en-US\",\"potentialAction\":[{\"@type\":\"ReadAction\",\"target\":[\"https:\/\/iulia.filmzoom.ro\/\"]}]},{\"@type\":\"ImageObject\",\"inLanguage\":\"en-US\",\"@id\":\"https:\/\/iulia.filmzoom.ro\/#primaryimage\",\"url\":\"https:\/\/iulia.filmzoom.ro\/wp-content\/uploads\/elementor\/thumbs\/1-r2lxujfayy0v2qbec131ehvr66z4d3egvf0vw890x4.png\",\"contentUrl\":\"https:\/\/iulia.filmzoom.ro\/wp-content\/uploads\/elementor\/thumbs\/1-r2lxujfayy0v2qbec131ehvr66z4d3egvf0vw890x4.png\"},{\"@type\":\"BreadcrumbList\",\"@id\":\"https:\/\/iulia.filmzoom.ro\/#breadcrumb\",\"itemListElement\":[{\"@type\":\"ListItem\",\"position\":1,\"name\":\"Home\",\"item\":\"https:\/\/iulia.filmzoom.ro\/\"},{\"@type\":\"ListItem\",\"position\":2,\"name\":\"CINE SUNTEM\"}]},{\"@type\":\"WebSite\",\"@id\":\"https:\/\/iulia.filmzoom.ro\/#website\",\"url\":\"https:\/\/iulia.filmzoom.ro\/\",\"name\":\"Digency\",\"description\":\"\",\"publisher\":{\"@id\":\"https:\/\/iulia.filmzoom.ro\/#organization\"},\"potentialAction\":[{\"@type\":\"SearchAction\",\"target\":{\"@type\":\"EntryPoint\",\"urlTemplate\":\"https:\/\/iulia.filmzoom.ro\/?s={search_term_string}\"},\"query-input\":{\"@type\":\"PropertyValueSpecification\",\"valueRequired\":true,\"valueName\":\"search_term_string\"}}],\"inLanguage\":\"en-US\"},{\"@type\":\"Organization\",\"@id\":\"https:\/\/iulia.filmzoom.ro\/#organization\",\"name\":\"Digency\",\"url\":\"https:\/\/iulia.filmzoom.ro\/\",\"logo\":{\"@type\":\"ImageObject\",\"inLanguage\":\"en-US\",\"@id\":\"https:\/\/iulia.filmzoom.ro\/#\/schema\/logo\/image\/\",\"url\":\"https:\/\/iulia.filmzoom.ro\/wp-content\/uploads\/2025\/03\/cropped-cropped-Logo-transparent-Digency_site2-1-1.png\",\"contentUrl\":\"https:\/\/iulia.filmzoom.ro\/wp-content\/uploads\/2025\/03\/cropped-cropped-Logo-transparent-Digency_site2-1-1.png\",\"width\":200,\"height\":64,\"caption\":\"Digency\"},\"image\":{\"@id\":\"https:\/\/iulia.filmzoom.ro\/#\/schema\/logo\/image\/\"}}]}<\/script>\n<!-- \/ Yoast SEO plugin. -->","yoast_head_json":{"title":"CINE SUNTEM - Digency","description":"Suntem o echip\u0103 de profesioni\u0219ti \u00een marketing, social media, webdesign \u0219i fotografie, oferind solu\u021bii personalizate \u0219i inovative pentru afacerea ta.","robots":{"index":"index","follow":"follow","max-snippet":"max-snippet:-1","max-image-preview":"max-image-preview:large","max-video-preview":"max-video-preview:-1"},"canonical":"https:\/\/iulia.filmzoom.ro\/","og_locale":"en_US","og_type":"article","og_title":"CINE SUNTEM - Digency","og_description":"Suntem o echip\u0103 de profesioni\u0219ti \u00een marketing, social media, webdesign \u0219i fotografie, oferind solu\u021bii personalizate \u0219i inovative pentru afacerea ta.","og_url":"https:\/\/iulia.filmzoom.ro\/","og_site_name":"Digency","article_modified_time":"2025-03-09T15:04:25+00:00","og_image":[{"url":"https:\/\/iulia.filmzoom.ro\/wp-content\/uploads\/elementor\/thumbs\/1-r2lxujfayy0v2qbec131ehvr66z4d3egvf0vw890x4.png","type":"","width":"","height":""}],"twitter_card":"summary_large_image","twitter_misc":{"Est. reading time":"2 minutes"},"schema":{"@context":"https:\/\/schema.org","@graph":[{"@type":"WebPage","@id":"https:\/\/iulia.filmzoom.ro\/","url":"https:\/\/iulia.filmzoom.ro\/","name":"CINE SUNTEM - Digency","isPartOf":{"@id":"https:\/\/iulia.filmzoom.ro\/#website"},"primaryImageOfPage":{"@id":"https:\/\/iulia.filmzoom.ro\/#primaryimage"},"image":{"@id":"https:\/\/iulia.filmzoom.ro\/#primaryimage"},"thumbnailUrl":"https:\/\/iulia.filmzoom.ro\/wp-content\/uploads\/elementor\/thumbs\/1-r2lxujfayy0v2qbec131ehvr66z4d3egvf0vw890x4.png","datePublished":"2025-03-09T11:19:02+00:00","dateModified":"2025-03-09T15:04:25+00:00","description":"Suntem o echip\u0103 de profesioni\u0219ti \u00een marketing, social media, webdesign \u0219i fotografie, oferind solu\u021bii personalizate \u0219i inovative pentru afacerea ta.","breadcrumb":{"@id":"https:\/\/iulia.filmzoom.ro\/#breadcrumb"},"inLanguage":"en-US","potentialAction":[{"@type":"ReadAction","target":["https:\/\/iulia.filmzoom.ro\/"]}]},{"@type":"ImageObject","inLanguage":"en-US","@id":"https:\/\/iulia.filmzoom.ro\/#primaryimage","url":"https:\/\/iulia.filmzoom.ro\/wp-content\/uploads\/elementor\/thumbs\/1-r2lxujfayy0v2qbec131ehvr66z4d3egvf0vw890x4.png","contentUrl":"https:\/\/iulia.filmzoom.ro\/wp-content\/uploads\/elementor\/thumbs\/1-r2lxujfayy0v2qbec131ehvr66z4d3egvf0vw890x4.png"},{"@type":"BreadcrumbList","@id":"https:\/\/iulia.filmzoom.ro\/#breadcrumb","itemListElement":[{"@type":"ListItem","position":1,"name":"Home","item":"https:\/\/iulia.filmzoom.ro\/"},{"@type":"ListItem","position":2,"name":"CINE SUNTEM"}]},{"@type":"WebSite","@id":"https:\/\/iulia.filmzoom.ro\/#website","url":"https:\/\/iulia.filmzoom.ro\/","name":"Digency","description":"","publisher":{"@id":"https:\/\/iulia.filmzoom.ro\/#organization"},"potentialAction":[{"@type":"SearchAction","target":{"@type":"EntryPoint","urlTemplate":"https:\/\/iulia.filmzoom.ro\/?s={search_term_string}"},"query-input":{"@type":"PropertyValueSpecification","valueRequired":true,"valueName":"search_term_string"}}],"inLanguage":"en-US"},{"@type":"Organization","@id":"https:\/\/iulia.filmzoom.ro\/#organization","name":"Digency","url":"https:\/\/iulia.filmzoom.ro\/","logo":{"@type":"ImageObject","inLanguage":"en-US","@id":"https:\/\/iulia.filmzoom.ro\/#\/schema\/logo\/image\/","url":"https:\/\/iulia.filmzoom.ro\/wp-content\/uploads\/2025\/03\/cropped-cropped-Logo-transparent-Digency_site2-1-1.png","contentUrl":"https:\/\/iulia.filmzoom.ro\/wp-content\/uploads\/2025\/03\/cropped-cropped-Logo-transparent-Digency_site2-1-1.png","width":200,"height":64,"caption":"Digency"},"image":{"@id":"https:\/\/iulia.filmzoom.ro\/#\/schema\/logo\/image\/"}}]}},"_links":{"self":[{"href":"https:\/\/iulia.filmzoom.ro\/index.php?rest_route=\/wp\/v2\/pages\/22","targetHints":{"allow":["GET"]}}],"collection":[{"href":"https:\/\/iulia.filmzoom.ro\/index.php?rest_route=\/wp\/v2\/pages"}],"about":[{"href":"https:\/\/iulia.filmzoom.ro\/index.php?rest_route=\/wp\/v2\/types\/page"}],"author":[{"embeddable":true,"href":"https:\/\/iulia.filmzoom.ro\/index.php?rest_route=\/wp\/v2\/users\/1"}],"replies":[{"embeddable":true,"href":"https:\/\/iulia.filmzoom.ro\/index.php?rest_route=%2Fwp%2Fv2%2Fcomments&post=22"}],"version-history":[{"count":83,"href":"https:\/\/iulia.filmzoom.ro\/index.php?rest_route=\/wp\/v2\/pages\/22\/revisions"}],"predecessor-version":[{"id":163,"href":"https:\/\/iulia.filmzoom.ro\/index.php?rest_route=\/wp\/v2\/pages\/22\/revisions\/163"}],"wp:attachment":[{"href":"https:\/\/iulia.filmzoom.ro\/index.php?rest_route=%2Fwp%2Fv2%2Fmedia&parent=22"}],"curies":[{"name":"wp","href":"https:\/\/api.w.org\/{rel}","templated":true}]}}